{"id":1532,"date":"2024-01-31T10:30:13","date_gmt":"2024-01-31T08:30:13","guid":{"rendered":"https:\/\/germanyartery.com\/privacy-policy-en\/"},"modified":"2024-02-13T10:40:55","modified_gmt":"2024-02-13T08:40:55","slug":"datenschutzerklarung","status":"publish","type":"page","link":"https:\/\/germanyartery.com\/de\/datenschutzerklarung\/","title":{"rendered":"Datenschutzerkl\u00e4rung:"},"content":{"rendered":"<style>.elementor-1532 .elementor-element.elementor-element-3a44703 > .elementor-container{max-width:1600px;}.elementor-1532 .elementor-element.elementor-element-3a44703:not(.elementor-motion-effects-element-type-background), .elementor-1532 .elementor-element.elementor-element-3a44703 > .elementor-motion-effects-container > .elementor-motion-effects-layer{background-image:url(\"https:\/\/germanyartery.com\/wp-content\/uploads\/2024\/01\/Berlin-lazxxzndmarks-copy.jpg\");background-position:center center;background-repeat:no-repeat;background-size:cover;}.elementor-1532 .elementor-element.elementor-element-3a44703 > .elementor-background-overlay{opacity:1;transition:background 0.3s, border-radius 0.3s, opacity 0.3s;}.elementor-1532 .elementor-element.elementor-element-3a44703{transition:background 0.3s, border 0.3s, border-radius 0.3s, box-shadow 0.3s;padding:4em 1em 12em 1em;}.elementor-1532 .elementor-element.elementor-element-d43f60c > .elementor-element-populated{padding:0px 0px 0px 0px;}.elementor-1532 .elementor-element.elementor-element-dc7cdc6 > .elementor-container{max-width:1600px;}.elementor-1532 .elementor-element.elementor-element-6d64bcc:not(.elementor-motion-effects-element-type-background) > .elementor-widget-wrap, .elementor-1532 .elementor-element.elementor-element-6d64bcc > .elementor-widget-wrap > .elementor-motion-effects-container > .elementor-motion-effects-layer{background-color:transparent;background-image:linear-gradient(210deg, var( --e-global-color-primary ) 0%, #9EC2E7 100%);}.elementor-1532 .elementor-element.elementor-element-6d64bcc:hover > .elementor-element-populated{background-color:transparent;background-image:linear-gradient(220deg, var( --e-global-color-primary ) 0%, var( --e-global-color-text ) 100%);}.elementor-1532 .elementor-element.elementor-element-6d64bcc > .elementor-element-populated, .elementor-1532 .elementor-element.elementor-element-6d64bcc > .elementor-element-populated > .elementor-background-overlay, .elementor-1532 .elementor-element.elementor-element-6d64bcc > .elementor-background-slideshow{border-radius:5px 5px 5px 5px;}.elementor-1532 .elementor-element.elementor-element-6d64bcc > .elementor-element-populated{transition:background 0.3s, border 0.3s, border-radius 0.3s, box-shadow 0.3s;padding:5em 5em 5em 5em;}.elementor-1532 .elementor-element.elementor-element-6d64bcc > .elementor-element-populated > .elementor-background-overlay{transition:background 0.3s, border-radius 0.3s, opacity 0.3s;}.elementor-widget-heading .elementor-heading-title{font-family:var( --e-global-typography-primary-font-family ), Sans-serif;font-size:var( --e-global-typography-primary-font-size );font-weight:var( --e-global-typography-primary-font-weight );line-height:var( --e-global-typography-primary-line-height );color:var( --e-global-color-primary );}.elementor-1532 .elementor-element.elementor-element-b6b55e0 .elementor-heading-title{font-family:\"Inter\", Sans-serif;font-size:50px;font-weight:700;line-height:1.2em;color:#FFFFFF;}.elementor-1532 .elementor-element.elementor-element-b6b55e0 > .elementor-widget-container{margin:0px 20px 0px 0px;}.elementor-1532 .elementor-element.elementor-element-d97057e > .elementor-container{max-width:1170px;}.elementor-1532 .elementor-element.elementor-element-d97057e > .elementor-background-overlay{opacity:0.24;}.elementor-1532 .elementor-element.elementor-element-d97057e{padding:80px 0px 100px 0px;}.elementor-1532 .elementor-element.elementor-element-c9684ad{text-align:start;}.elementor-1532 .elementor-element.elementor-element-c9684ad .elementor-heading-title{font-family:var( --e-global-typography-a092069-font-family ), Sans-serif;font-size:var( --e-global-typography-a092069-font-size );font-weight:var( --e-global-typography-a092069-font-weight );line-height:var( --e-global-typography-a092069-line-height );letter-spacing:var( --e-global-typography-a092069-letter-spacing );word-spacing:var( --e-global-typography-a092069-word-spacing );color:var( --e-global-color-accent );}.elementor-widget-text-editor{font-family:var( --e-global-typography-text-font-family ), Sans-serif;font-size:var( --e-global-typography-text-font-size );font-weight:var( --e-global-typography-text-font-weight );line-height:var( --e-global-typography-text-line-height );color:var( --e-global-color-text );}.elementor-widget-text-editor.elementor-drop-cap-view-stacked .elementor-drop-cap{background-color:var( --e-global-color-primary );}.elementor-widget-text-editor.elementor-drop-cap-view-framed .elementor-drop-cap, .elementor-widget-text-editor.elementor-drop-cap-view-default .elementor-drop-cap{color:var( --e-global-color-primary );border-color:var( --e-global-color-primary );}.elementor-1532 .elementor-element.elementor-element-da3ed12{text-align:start;font-family:var( --e-global-typography-text-font-family ), Sans-serif;font-size:var( --e-global-typography-text-font-size );font-weight:var( --e-global-typography-text-font-weight );line-height:var( --e-global-typography-text-line-height );color:var( --e-global-color-text );}.elementor-1532 .elementor-element.elementor-element-da3ed12 > .elementor-widget-container{padding:0% 0% 0% 0%;}@media(max-width:1024px){.elementor-1532 .elementor-element.elementor-element-3a44703{padding:2em 5em 6em 2em;}.elementor-widget-heading .elementor-heading-title{font-size:var( --e-global-typography-primary-font-size );line-height:var( --e-global-typography-primary-line-height );}.elementor-1532 .elementor-element.elementor-element-d97057e{padding:80px 10px 80px 10px;}.elementor-1532 .elementor-element.elementor-element-c9684ad .elementor-heading-title{font-size:var( --e-global-typography-a092069-font-size );line-height:var( --e-global-typography-a092069-line-height );letter-spacing:var( --e-global-typography-a092069-letter-spacing );word-spacing:var( --e-global-typography-a092069-word-spacing );}.elementor-widget-text-editor{font-size:var( --e-global-typography-text-font-size );line-height:var( --e-global-typography-text-line-height );}.elementor-1532 .elementor-element.elementor-element-da3ed12{font-size:var( --e-global-typography-text-font-size );line-height:var( --e-global-typography-text-line-height );}.elementor-1532 .elementor-element.elementor-element-da3ed12 > .elementor-widget-container{padding:0% 10% 0% 10%;}}@media(max-width:767px){.elementor-1532 .elementor-element.elementor-element-3a44703{padding:2em 2em 2em 0em;}.elementor-1532 .elementor-element.elementor-element-6d64bcc > .elementor-element-populated{margin:0px 0px 0px 21px;--e-column-margin-right:0px;--e-column-margin-left:21px;padding:2em 1em 3em 2em;}.elementor-widget-heading .elementor-heading-title{font-size:var( --e-global-typography-primary-font-size );line-height:var( --e-global-typography-primary-line-height );}.elementor-1532 .elementor-element.elementor-element-b6b55e0 .elementor-heading-title{font-size:32px;}.elementor-1532 .elementor-element.elementor-element-d97057e{padding:40px 10px 40px 10px;}.elementor-1532 .elementor-element.elementor-element-c9684ad .elementor-heading-title{font-size:var( --e-global-typography-a092069-font-size );line-height:var( --e-global-typography-a092069-line-height );letter-spacing:var( --e-global-typography-a092069-letter-spacing );word-spacing:var( --e-global-typography-a092069-word-spacing );}.elementor-widget-text-editor{font-size:var( --e-global-typography-text-font-size );line-height:var( --e-global-typography-text-line-height );}.elementor-1532 .elementor-element.elementor-element-da3ed12{font-size:var( --e-global-typography-text-font-size );line-height:var( --e-global-typography-text-line-height );}.elementor-1532 .elementor-element.elementor-element-da3ed12 > .elementor-widget-container{padding:0px 0px 0px 0px;}}@media(min-width:768px){.elementor-1532 .elementor-element.elementor-element-6d64bcc{width:57.66%;}.elementor-1532 .elementor-element.elementor-element-911c469{width:42.34%;}}@media(max-width:1024px) and (min-width:768px){.elementor-1532 .elementor-element.elementor-element-6d64bcc{width:100%;}}<\/style>\t\t<div data-elementor-type=\"wp-page\" data-elementor-id=\"1532\" class=\"elementor elementor-1532 elementor-1039\" data-elementor-post-type=\"page\">\n\t\t\t\t\t\t<section data-dce-background-image-url=\"http:\/\/germanyartery.com\/wp\/wp-content\/uploads\/2024\/01\/Berlin-lazxxzndmarks-copy.jpg\" class=\"elementor-section elementor-top-section elementor-element elementor-element-3a44703 elementor-section-boxed elementor-section-height-default elementor-section-height-default\" data-id=\"3a44703\" data-element_type=\"section\" data-e-type=\"section\" data-settings=\"{&quot;background_background&quot;:&quot;classic&quot;}\">\n\t\t\t\t\t\t\t<div class=\"elementor-background-overlay\"><\/div>\n\t\t\t\t\t\t\t<div class=\"elementor-container elementor-column-gap-default\">\n\t\t\t\t\t<div class=\"elementor-column elementor-col-100 elementor-top-column elementor-element elementor-element-d43f60c\" data-id=\"d43f60c\" data-element_type=\"column\" data-e-type=\"column\">\n\t\t\t<div class=\"elementor-widget-wrap elementor-element-populated\">\n\t\t\t\t\t\t<section class=\"elementor-section elementor-inner-section elementor-element elementor-element-dc7cdc6 elementor-section-boxed elementor-section-height-default elementor-section-height-default\" data-id=\"dc7cdc6\" data-element_type=\"section\" data-e-type=\"section\">\n\t\t\t\t\t\t<div class=\"elementor-container elementor-column-gap-default\">\n\t\t\t\t\t<div data-dce-background-color=\"#000E44\" data-dce-background-hover-color=\"#000E44\" class=\"elementor-column elementor-col-50 elementor-inner-column elementor-element elementor-element-6d64bcc\" data-id=\"6d64bcc\" data-element_type=\"column\" data-e-type=\"column\" data-settings=\"{&quot;background_background&quot;:&quot;gradient&quot;}\">\n\t\t\t<div class=\"elementor-widget-wrap elementor-element-populated\">\n\t\t\t\t\t\t<div class=\"elementor-element elementor-element-b6b55e0 elementor-widget elementor-widget-heading\" data-id=\"b6b55e0\" data-element_type=\"widget\" data-e-type=\"widget\" data-widget_type=\"heading.default\">\n\t\t\t\t<div class=\"elementor-widget-container\">\n\t\t\t\t\t<h2 class=\"elementor-heading-title elementor-size-default\">Datenschutzerkl\u00e4rung<\/h2>\t\t\t\t<\/div>\n\t\t\t\t<\/div>\n\t\t\t\t\t<\/div>\n\t\t<\/div>\n\t\t\t\t<div class=\"elementor-column elementor-col-50 elementor-inner-column elementor-element elementor-element-911c469\" data-id=\"911c469\" data-element_type=\"column\" data-e-type=\"column\">\n\t\t\t<div class=\"elementor-widget-wrap\">\n\t\t\t\t\t\t\t<\/div>\n\t\t<\/div>\n\t\t\t\t\t<\/div>\n\t\t<\/section>\n\t\t\t\t\t<\/div>\n\t\t<\/div>\n\t\t\t\t\t<\/div>\n\t\t<\/section>\n\t\t\t\t<section class=\"elementor-section elementor-top-section elementor-element elementor-element-d97057e elementor-section-boxed elementor-section-height-default elementor-section-height-default\" data-id=\"d97057e\" data-element_type=\"section\" data-e-type=\"section\">\n\t\t\t\t\t\t\t<div class=\"elementor-background-overlay\"><\/div>\n\t\t\t\t\t\t\t<div class=\"elementor-container elementor-column-gap-default\">\n\t\t\t\t\t<div class=\"elementor-column elementor-col-100 elementor-top-column elementor-element elementor-element-d4c8c15\" data-id=\"d4c8c15\" data-element_type=\"column\" data-e-type=\"column\">\n\t\t\t<div class=\"elementor-widget-wrap elementor-element-populated\">\n\t\t\t\t\t\t<div class=\"elementor-element elementor-element-c9684ad elementor-widget elementor-widget-heading\" data-id=\"c9684ad\" data-element_type=\"widget\" data-e-type=\"widget\" data-widget_type=\"heading.default\">\n\t\t\t\t<div class=\"elementor-widget-container\">\n\t\t\t\t\t<h5 class=\"elementor-heading-title elementor-size-default\">Datenschutzerkl\u00e4rung<\/h5>\t\t\t\t<\/div>\n\t\t\t\t<\/div>\n\t\t\t\t<div class=\"elementor-element elementor-element-da3ed12 elementor-widget elementor-widget-text-editor\" data-id=\"da3ed12\" data-element_type=\"widget\" data-e-type=\"widget\" data-widget_type=\"text-editor.default\">\n\t\t\t\t<div class=\"elementor-widget-container\">\n\t\t\t\t\t\t\t\t\t<p>Wir nehmen den Schutz Ihrer pers\u00f6nlichen Daten sehr ernst. Wir m\u00f6chten, dass Sie wissen, wann wir welche Daten erheben und wie wir sie verwenden.<br \/><br \/>Wir informieren Sie nachfolgend \u00fcber Art, Umfang und Zweck der Erhebung, Verarbeitung und Nutzung personenbezogener Daten. Diese Datenschutzerkl\u00e4rung bezieht sich ausschlie\u00dflich auf unsere Webseiten.<br \/><br \/>Wir verarbeiten Ihre personenbezogenen Daten (z.B. Titel, Name, Anschrift, E-Mail-Adresse, Telefonnummer) ausschlie\u00dflich gem\u00e4\u00df den aktuellen gesetzlichen Datenschutzbestimmungen. Falls Sie \u00fcber Links auf unseren Seiten auf andere Seiten weitergeleitet werden, informieren Sie sich bitte dort \u00fcber den jeweiligen Umgang mit Ihren Daten.<br \/><br \/>Die Nutzung unserer Website ist ohne Angabe personenbezogener Daten m\u00f6glich. Soweit auf unseren Seiten personenbezogene Daten erhoben werden, erfolgt dies auf freiwilliger Basis. Diese Daten werden ohne Ihre ausdr\u00fcckliche Zustimmung nicht an Dritte weitergegeben.<br \/><br \/>Wir weisen darauf hin, dass die Daten\u00fcbertragung im Internet (z.B. bei der Kommunikation per E-Mail) Sicherheitsl\u00fccken aufweisen kann. Ein l\u00fcckenloser Schutz der Daten vor dem Zugriff durch Dritte ist nicht m\u00f6glich<br \/><br \/>Im Zuge der Weiterentwicklung unserer Internet-Seiten und der m\u00f6glichen Einf\u00fchrung neuer Technologien k\u00f6nnen \u00c4nderungen dieser Datenschutzerkl\u00e4rung erforderlich werden. Die aktuelle Fassung dieser Datenschutzerkl\u00e4rung finden Sie hier.<\/p><p><strong>&#8211;\u00a0 Bewerbungsverfahren<\/strong><\/p><p>Sofern Sie sich auf elektronischem Wege bei uns bewerben, dienen Ihre Angaben ausschlie\u00dflich zur Bearbeitung des Bewerbungsverfahrens. Eine Weitergabe an Dritte ist ausgeschlossen. Bitte beachten Sie, dass Bewerbungen, die Sie uns per E-Mail senden, unverschl\u00fcsselt \u00fcbertragen werden.<\/p><p><strong>&#8211; Verarbeiten von personenbezogenen Daten<\/strong><br \/>Ihre personenbezogenen Daten, soweit diese f\u00fcr die Begr\u00fcndung, inhaltliche Ausgestaltung oder \u00c4nderung des Vertragsverh\u00e4ltnisses erforderlich sind (Bestandsdaten), werden ausschlie\u00dflich zur Vertragsabwicklung verwendet. Daten, die wir \u00fcber unser Kontaktformular erheben, verwenden wir ausschlie\u00dflich zum Zweck der individuellen Kommunikation mit Ihnen. Personenbezogene Daten werden ohne Ihre ausdr\u00fcckliche Einwilligung oder ohne gesetzliche Grundlage (gem\u00e4\u00df Artikel 6 Absatz 1 DSGVO) nicht an Dritte weitergegeben. Personenbezogene Daten \u00fcber die Inanspruchnahme unserer Internetseiten (Nutzungsdaten) erheben, verarbeiten und nutzen wir nur, soweit dies erforderlich ist, um dem Nutzer die Inanspruchnahme des Dienstes zu erm\u00f6glichen.<br \/><br \/>Sofern wir Subunternehmer einsetzen, um unsere Leistungen bereitzustellen, ergreifen wir geeignete rechtliche Vorkehrungen sowie entsprechende technische und organisatorische Ma\u00dfnahmen, um f\u00fcr den Schutz der personenbezogenen Daten gem\u00e4\u00df den einschl\u00e4gigen gesetzlichen Vorschriften zu sorgen.<br \/><br \/>Die \u00dcbermittlung personenbezogener Daten an ein Drittland erfolgt nicht<br \/><br \/>Die bei uns gespeicherten Daten werden gel\u00f6scht, sobald sie f\u00fcr ihre Zweckbestimmung nicht mehr erforderlich sind und der L\u00f6schung keine gesetzlichen Aufbewahrungspflichten entgegenstehen. Sofern die Daten der Nutzer nicht gel\u00f6scht werden, weil sie f\u00fcr andere und gesetzlich zul\u00e4ssige Zwecke erforderlich sind, wird deren Verarbeitung eingeschr\u00e4nkt. D.h. die Daten werden gesperrt und nicht f\u00fcr andere Zwecke verarbeitet. Das gilt z.B. f\u00fcr Daten, die aus handels- oder steuerrechtlichen Gr\u00fcnden aufbewahrt werden m\u00fcssen.<br \/><br \/><strong>&#8211; Kontaktformular<\/strong><br \/>Wenn Sie uns per Kontaktformular Anfragen zukommen lassen, werden Ihre Angaben aus dem Anfrageformular inklusive der von Ihnen dort angegebenen Kontaktdaten zwecks Bearbeitung der Anfrage und f\u00fcr den Fall von Anschlussfragen bei uns gespeichert. Diese Daten geben wir nicht ohne Ihre Einwilligung weiter.<br \/><br \/><strong>&#8211; Anmeldung zur Online-Informationsveranstaltung<\/strong><br \/>Die Daten, die f\u00fcr die Anmeldung erhoben werden, dienen der technischen und organisatorischen Durchf\u00fchrung der Online-Veranstaltung sowie, in anonymisierter Form, statistischen Zwecken. Die personenbezogenen Daten werden nicht an dritte weitergegeben und nach 14 Tagen gel\u00f6scht.<br \/><br \/><strong>&#8211; Server-Log-Files<\/strong><br \/>Der Provider der Seiten erhebt und speichert automatisch Informationen in so genannten Server-Log Files, die Ihr Browser automatisch an uns \u00fcbermittelt. Dies sind:<br \/>&#8211; Browsertyp und Browserversion<br \/>&#8211; verwendetes Betriebssystem<br \/>&#8211; Referrer URL<br \/>&#8211; Hostname des zugreifenden Rechners<br \/>&#8211; Uhrzeit der Serveranfrage<br \/>Diese Daten sind nicht bestimmten Personen zuzuordnen. Eine Zusammenf\u00fchrung dieser Daten mit anderen Datenquellen wird nicht vorgenommen. Die Server-Logfiles werden f\u00fcr maximal 7 Tage gespeichert und anschlie\u00dfend gel\u00f6scht. Die Speicherung der Daten erfolgt aus Sicherheitsgr\u00fcnden, um z. B. Missbrauchsf\u00e4lle aufkl\u00e4ren zu k\u00f6nnen. M\u00fcssen Daten aus Beweisgr\u00fcnden aufgehoben werden, sind sie so lange von der L\u00f6schung ausgenommen bis der Vorfall endg\u00fcltig gekl\u00e4rt ist.<br \/><br \/><strong>&#8211; Cookies<\/strong><br \/>Zur Optimierung unseres Internetauftritts setzen wir ggf. Cookies ein. Es handelt sich dabei um kleine Textdateien, die vor\u00fcbergehend im Arbeitsspeicher Ihres Computers gespeichert werden. Cookies richten auf Ihrem Rechner keinen Schaden an und enthalten keine Viren. Cookies dienen dazu, unser Angebot nutzerfreundlicher, effektiver und sicherer zu machen.<br \/><br \/>Die von uns verwendeten Cookies sind so genannte \u201eSession-Cookies\u201c. Sie werden nach Ende Ihres Besuchs automatisch gel\u00f6scht. Andere Cookies bleiben auf Ihrem Endger\u00e4t gespeichert, bis Sie diese l\u00f6schen. Diese Cookies erm\u00f6glichen es uns, Ihren Browser beim n\u00e4chsten Besuch wiederzuerkennen.<br \/><br \/>Sie k\u00f6nnen Ihren Browser so einstellen, dass Sie \u00fcber das Setzen von Cookies informiert werden und Cookies nur im Einzelfall erlauben, die Annahme von Cookies f\u00fcr bestimmte F\u00e4lle oder generell ausschlie\u00dfen sowie das automatische L\u00f6schen der Cookies beim Schlie\u00dfen des Browsers aktivieren. Bei der Deaktivierung von Cookies kann die Funktionalit\u00e4t dieser Website eingeschr\u00e4nkt sein.<br \/><br \/>Cookies haben verschiedene Funktionen. Unsere Cookies sind technisch notwendig, da bestimmte Websitefunktionen ohne diese nicht funktionieren w\u00fcrden (z.B. die Zustimmung Google Maps zu laden).<br \/><br \/><strong>&#8211; Rechte der betroffenen Person<\/strong><br \/><strong>Auskunftsrecht (Artikel 15 DSGVO)<\/strong><br \/>Sie haben jederzeit das Recht auf unentgeltliche Auskunft \u00fcber Ihre gespeicherten personenbezogenen Daten.<br \/><br \/><strong>Recht auf Berichtigung (Artikel 16 DSGVO)<\/strong><br \/>Sie haben das Recht, jederzeit eine Berichtigung Sie betreffender unrichtiger personenbezogener Daten zu verlangen.<br \/><br \/><strong>Recht auf L\u00f6schung (Artikel 17 DSGVO)<\/strong><br \/>Sofern Ihr Wunsch nicht mit einer gesetzlichen Pflicht zur Aufbewahrung von Daten kollidiert, haben Sie ein Anrecht auf L\u00f6schung Ihrer Daten. Von uns gespeicherte Daten werden gel\u00f6scht, sollten sie f\u00fcr ihre Zweckbestimmung nicht mehr vonn\u00f6ten sein und sollte es keine gesetzlichen Aufbewahrungsfristen geben. Falls eine L\u00f6schung nicht durchgef\u00fchrt werden kann, da die Daten f\u00fcr zul\u00e4ssige gesetzliche Zwecke erforderlich sind, erfolgt eine Einschr\u00e4nkung der Datenverarbeitung. In diesem Fall werden die Daten gesperrt und nicht f\u00fcr andere Zwecke verarbeitet.<br \/><br \/><strong>Recht auf Einschr\u00e4nkung der Verarbeitung (Artikel 18 DSGVO)<\/strong><br \/>Sie haben das Recht, die Einschr\u00e4nkung der Verarbeitung Sie betreffender personenbezogener Daten zu verlangen, wenn eine der Voraussetzungen nach Artikel 18 Absatz 1 a-d zutrifft, z.B. im Falle, dass wir auf Ihre Veranlassung hin die Richtigkeit der Sie betreffenden personenbezogenen Daten \u00fcberpr\u00fcfen m\u00fcssen f\u00fcr die Dauer der \u00dcberpr\u00fcfung.<br \/><br \/><strong>Recht auf Daten\u00fcbertragbarkeit (Artikel 20 DSGVO)<\/strong><br \/>Sie haben das Recht, Sie betreffende personenbezogene Daten, die Sie uns bereitgestellt haben, in einem strukturierten, g\u00e4ngigen und maschinenlesbaren Format zu erhalten und Sie haben das Recht, diese Daten einem anderen zu \u00fcbermitteln, sofern die Verarbeitung mit Ihrer Einwilligung erfolgt ist oder auf einem Vertrag beruht und die Verarbeitung mithilfe von automatisierten Verfahren erfolgt.<\/p><p><strong>Widerspruchsrecht (Artikel 21 DSGVO)<\/strong><br \/>Sie haben das Recht, jederzeit der k\u00fcnftigen Verarbeitung Ihrer personenbezogenen Daten, die aufgrund von Artikel 6 Absatz 1 Buchstaben e oder f erfolgt, entsprechend den gesetzlichen Vorgaben zu widersprechen. Wir werden Ihre Daten nicht mehr verarbeiten, sofern wir keine zwingenden schutzw\u00fcrdigen Gr\u00fcnde f\u00fcr die Verarbeitung gem\u00e4\u00df Artikel 21 DSGVO Absatz 1 nachweisen k\u00f6nnen oder sofern die weitere Verarbeitung nicht der Geltendmachung, Aus\u00fcbung oder Verteidigung von Rechtsanspr\u00fcchen dient.<br \/><br \/>Um Ihre vorstehenden Rechte geltend zu machen, wenden Sie sich an den Verantwortlichen. Sie finden die Kontaktdaten im Impressum.<\/p><p><strong>Beschwerderecht bei der zust\u00e4ndigen Aufsichtsbeh\u00f6rde<\/strong><\/p><p>Im Falle datenschutzrechtlicher Verst\u00f6\u00dfe steht dem Betroffenen ein Beschwerderecht bei der zust\u00e4ndigen Aufsichtsbeh\u00f6rde zu. Zust\u00e4ndige Aufsichtsbeh\u00f6rde in datenschutzrechtlichen Fragen ist der Landesdatenschutzbeauftragte des Bundeslandes, in dem unser Unternehmen seinen Sitz hat. Eine Liste der Datenschutzbeauftragten sowie deren Kontaktdaten k\u00f6nnen folgendem Link entnommen werden:\u00a0<a href=\"https:\/\/www.bfdi.bund.de\/DE\/Infothek\/Anschriften_Links\/anschriften_links-node.html\">https:\/\/www.bfdi.bund.de\/DE\/Infothek\/Anschriften_Links\/anschriften_links-node.html<\/a><\/p>\t\t\t\t\t\t\t\t<\/div>\n\t\t\t\t<\/div>\n\t\t\t\t\t<\/div>\n\t\t<\/div>\n\t\t\t\t\t<\/div>\n\t\t<\/section>\n\t\t\t\t<\/div>\n\t\t","protected":false},"excerpt":{"rendered":"<p>Datenschutzerkl\u00e4rung Datenschutzerkl\u00e4rung Wir nehmen den Schutz Ihrer pers\u00f6nlichen Daten sehr ernst. Wir m\u00f6chten, dass Sie wissen, wann wir welche Daten erheben und wie wir sie verwenden. Wir informieren Sie nachfolgend \u00fcber Art, Umfang und Zweck der Erhebung, Verarbeitung und Nutzung personenbezogener Daten. Diese Datenschutzerkl\u00e4rung bezieht sich ausschlie\u00dflich auf unsere Webseiten. Wir verarbeiten Ihre personenbezogenen Daten [&hellip;]<\/p>\n","protected":false},"author":1,"featured_media":0,"parent":0,"menu_order":0,"comment_status":"closed","ping_status":"closed","template":"elementor_header_footer","meta":{"om_disable_all_campaigns":false,"_monsterinsights_skip_tracking":false,"_monsterinsights_sitenote_active":false,"_monsterinsights_sitenote_note":"","_monsterinsights_sitenote_category":0,"_uf_show_specific_survey":0,"_uf_disable_surveys":false,"footnotes":""},"class_list":["post-1532","page","type-page","status-publish","hentry"],"aioseo_notices":[],"_links":{"self":[{"href":"https:\/\/germanyartery.com\/de\/wp-json\/wp\/v2\/pages\/1532","targetHints":{"allow":["GET"]}}],"collection":[{"href":"https:\/\/germanyartery.com\/de\/wp-json\/wp\/v2\/pages"}],"about":[{"href":"https:\/\/germanyartery.com\/de\/wp-json\/wp\/v2\/types\/page"}],"author":[{"embeddable":true,"href":"https:\/\/germanyartery.com\/de\/wp-json\/wp\/v2\/users\/1"}],"replies":[{"embeddable":true,"href":"https:\/\/germanyartery.com\/de\/wp-json\/wp\/v2\/comments?post=1532"}],"version-history":[{"count":0,"href":"https:\/\/germanyartery.com\/de\/wp-json\/wp\/v2\/pages\/1532\/revisions"}],"wp:attachment":[{"href":"https:\/\/germanyartery.com\/de\/wp-json\/wp\/v2\/media?parent=1532"}],"curies":[{"name":"wp","href":"https:\/\/api.w.org\/{rel}","templated":true}]}}